{"id":12568,"date":"2021-11-24T09:29:53","date_gmt":"2021-11-24T09:29:53","guid":{"rendered":"https:\/\/www.pinord-masblanc.com\/?page_id=12568"},"modified":"2021-11-25T12:52:48","modified_gmt":"2021-11-25T11:52:48","slug":"qui-som","status":"publish","type":"page","link":"https:\/\/www.pinord-masblanc.com\/ca\/qui-som\/","title":{"rendered":"Qui som"},"content":{"rendered":"<div class=\"wpb-content-wrapper\"><p>[vc_row css=&#8221;.vc_custom_1492069466896{padding-top: 150px !important;padding-bottom: 150px !important;}&#8221;][vc_column]<div class=\"eltdf-elements-holder eltdf-responsive-mode-768\" ><div class=\"eltdf-eh-item eltdf-horizontal-alignment-center\" data-item-class=\"eltdf-eh-custom-945908\" data-1280-1600=\"0 30% 0 30%\" data-1024-1280=\"0 27% 0 27%\" data-768-1024=\"0 15% 0 15%\" data-600-768=\"0 7% 0 7%\" data-480=\"0 5% 0 5%\" >\n\t<div class=\"eltdf-eh-item-inner\" >\n\t\t<div class=\"eltdf-eh-item-content eltdf-eh-custom-945908\" style=\"padding: 0 32% 0 32%\">\n\t\t\t[vc_column_text]<strong>Mas Blanc<\/strong> \u00e9s fruit del treball de generacions de la hist\u00f2rica fam\u00edlia de viticultors Tetas. El somni familiar el lidera actualment <strong>Joan Josep Tetas<\/strong>, membre de la tercera generaci\u00f3. La seva fam\u00edlia i les seves arrels s\u00f3n el motor de la seva passi\u00f3 i el seu objectiu \u00e9s continuar honrant la feina ben feta de sempre, combinant-la amb la precisi\u00f3 que permet l&#8217;\u00fas de les \u00faltimes tecnologies vitivin\u00edcoles. A m\u00e9s del suport incondicional de la seva fam\u00edlia, tamb\u00e9 compta amb un gran equip de professionals per tenir cura de la vinya, la verema i els processos d&#8217;elaboraci\u00f3 i crear vins excel\u00b7lents, plens de personalitat pr\u00f2pia, que conjuguen tradici\u00f3 i qualitat.[\/vc_column_text][vc_empty_space height=&#8221;60px&#8221;][vc_empty_space height=&#8221;100px&#8221;]\t\t<\/div>\n\t<\/div>\n\t<\/div><\/div>[vc_single_image image=&#8221;12038&#8243; img_size=&#8221;full&#8221; alignment=&#8221;center&#8221; css=&#8221;.vc_custom_1622458067535{padding-top: 100px !important;padding-bottom: 100px !important;}&#8221;]<div class=\"eltdf-workflow eltdf-workflow-animate\">\n    <div class=\"eltdf-workflow-item eltdf-workflow-item-equal\">\n    <div class=\"eltdf-workflow-item-inner\">\n        <div class=\"eltdf-workflow-text-left\">\n                        <span class=\"circle\"><\/span>\n                            <h3 class=\"eltdf-wfi-title\">ELS NOSTRES OR\u00cdGENS<\/h3>\n                                <\/div>\n        <div class=\"eltdf-workflow-image\">\n            <img loading=\"lazy\" decoding=\"async\" width=\"274\" height=\"181\" src=\"https:\/\/www.pinord-masblanc.com\/wp-content\/uploads\/2021\/05\/Master-Quienes-Somos-A.jpg\" class=\"attachment-full size-full\" alt=\"\" \/>        <\/div>\n        <div class=\"eltdf-workflow-text-right\">\n            <span class=\"circle\"><\/span>\n                                                    <p class=\"text\">Tot va comen\u00e7ar a Sant Cugat Sesgarrigues, on s&#039;ubicava la finca de la fam\u00edlia Tetas. Des dels seus inicis, en aquestes terres cultivaven vinya i a la masia elaboraven vi, fins que el 1942 Josep Maria Tetas va construir el celler a Vilafranca i va fundar l&#039;empresa Pinord.<\/p>\n                    <\/div>\n    <\/div>\n<\/div><div class=\"eltdf-workflow-item eltdf-workflow-item-equal\">\n    <div class=\"eltdf-workflow-item-inner\">\n        <div class=\"eltdf-workflow-text-left\">\n                        <span class=\"circle\"><\/span>\n                            <h3 class=\"eltdf-wfi-title\">PIONERS EN NOVES VARIETATS<\/h3>\n                                <\/div>\n        <div class=\"eltdf-workflow-image\">\n            <img loading=\"lazy\" decoding=\"async\" width=\"274\" height=\"181\" src=\"https:\/\/www.pinord-masblanc.com\/wp-content\/uploads\/2021\/10\/Master-Quienes-Somos-D.jpg\" class=\"attachment-full size-full\" alt=\"\" \/>        <\/div>\n        <div class=\"eltdf-workflow-text-right\">\n            <span class=\"circle\"><\/span>\n                                                    <p class=\"text\">Pinord sempre ha estat pionera al Pened\u00e8s en la introducci\u00f3 de varietats foranes, a m\u00e9s de practicar m\u00e8todes d&#039;elaboraci\u00f3 alternatius a la zona, com el vi d&#039;agulla. Cultivem chardonnay, macabeu, xarel\u00b7lo, parellada, moscatell i gew\u00fcrztraminer per als nostres vins blancs i ull de llebre, garnatxa negra, cabernet sauvignon i merlot per als nostres negres.<\/p>\n                    <\/div>\n    <\/div>\n<\/div><div class=\"eltdf-workflow-item eltdf-workflow-item-equal\">\n    <div class=\"eltdf-workflow-item-inner\">\n        <div class=\"eltdf-workflow-text-left\">\n                        <span class=\"circle\"><\/span>\n                            <h3 class=\"eltdf-wfi-title\">DEL PENED\u00c8S AL PRIORAT<\/h3>\n                                <\/div>\n        <div class=\"eltdf-workflow-image\">\n            <img loading=\"lazy\" decoding=\"async\" width=\"274\" height=\"181\" src=\"https:\/\/www.pinord-masblanc.com\/wp-content\/uploads\/2021\/10\/Master-Quienes-Somos-E.jpg\" class=\"attachment-full size-full\" alt=\"\" \/>        <\/div>\n        <div class=\"eltdf-workflow-text-right\">\n            <span class=\"circle\"><\/span>\n                                                    <p class=\"text\">Des de fa 150 anys, les arrels de Pinord han anat creixent i establint-se al Pened\u00e8s. Malgrat que l&#039;empresa ha crescut molt \u2013les 108 hect\u00e0rees actuals de vinyes es divideixen en tres finques i en municipis diferents\u2013, Mas Blanc continua elaborant vi al Priorat com sempre s&#039;ha fet a la fam\u00edlia.<\/p>\n                    <\/div>\n    <\/div>\n<\/div><\/div>[vc_single_image image=&#8221;12038&#8243; img_size=&#8221;full&#8221; alignment=&#8221;center&#8221; css=&#8221;.vc_custom_1490972834054{margin-top: -10px !important;}&#8221;][\/vc_column][\/vc_row]<\/p>\n<\/div>","protected":false},"excerpt":{"rendered":"<p>[vc_row css=&#8221;.vc_custom_1492069466896{padding-top: 150px !important;padding-bottom: 150px !important;}&#8221;][vc_column][vc_single_image image=&#8221;12038&#8243; img_size=&#8221;full&#8221; alignment=&#8221;center&#8221; css=&#8221;.vc_custom_1622458067535{padding-top: 100px !important;padding-bottom: 100px !important;}&#8221;][vc_single_image image=&#8221;12038&#8243; img_size=&#8221;full&#8221; alignment=&#8221;center&#8221; css=&#8221;.vc_custom_1490972834054{margin-top: -10px !important;}&#8221;][\/vc_column][\/vc_row]<\/p>\n","protected":false},"author":3,"featured_media":0,"parent":0,"menu_order":0,"comment_status":"closed","ping_status":"closed","template":"","meta":{"footnotes":""},"class_list":["post-12568","page","type-page","status-publish","hentry"],"yoast_head":"<!-- This site is optimized with the Yoast SEO plugin v27.3 - https:\/\/yoast.com\/product\/yoast-seo-wordpress\/ -->\n<title>Qui som - Pinord Mas Blanc<\/title>\n<meta name=\"robots\" content=\"index, follow, max-snippet:-1, max-image-preview:large, max-video-preview:-1\" \/>\n<link rel=\"canonical\" href=\"https:\/\/www.pinord-masblanc.com\/ca\/qui-som\/\" \/>\n<meta property=\"og:locale\" content=\"ca_ES\" \/>\n<meta property=\"og:type\" content=\"article\" \/>\n<meta property=\"og:title\" content=\"Qui som - Pinord Mas Blanc\" \/>\n<meta property=\"og:description\" content=\"[vc_row css=&#8221;.vc_custom_1492069466896{padding-top: 150px !important;padding-bottom: 150px !important;}&#8221;][vc_column][vc_single_image image=&#8221;12038&#8243; img_size=&#8221;full&#8221; alignment=&#8221;center&#8221; css=&#8221;.vc_custom_1622458067535{padding-top: 100px !important;padding-bottom: 100px !important;}&#8221;][vc_single_image image=&#8221;12038&#8243; img_size=&#8221;full&#8221; alignment=&#8221;center&#8221; css=&#8221;.vc_custom_1490972834054{margin-top: -10px !important;}&#8221;][\/vc_column][\/vc_row]\" \/>\n<meta property=\"og:url\" content=\"https:\/\/www.pinord-masblanc.com\/ca\/qui-som\/\" \/>\n<meta property=\"og:site_name\" content=\"Pinord Mas Blanc\" \/>\n<meta property=\"article:modified_time\" content=\"2021-11-25T11:52:48+00:00\" \/>\n<meta name=\"twitter:card\" content=\"summary_large_image\" \/>\n<meta name=\"twitter:label1\" content=\"Temps estimat de lectura\" \/>\n\t<meta name=\"twitter:data1\" content=\"2 minuts\" \/>\n<script type=\"application\/ld+json\" class=\"yoast-schema-graph\">{\"@context\":\"https:\\\/\\\/schema.org\",\"@graph\":[{\"@type\":\"WebPage\",\"@id\":\"https:\\\/\\\/www.pinord-masblanc.com\\\/ca\\\/qui-som\\\/\",\"url\":\"https:\\\/\\\/www.pinord-masblanc.com\\\/ca\\\/qui-som\\\/\",\"name\":\"Qui som - Pinord Mas Blanc\",\"isPartOf\":{\"@id\":\"https:\\\/\\\/www.pinord-masblanc.com\\\/ca\\\/#website\"},\"datePublished\":\"2021-11-24T09:29:53+00:00\",\"dateModified\":\"2021-11-25T11:52:48+00:00\",\"breadcrumb\":{\"@id\":\"https:\\\/\\\/www.pinord-masblanc.com\\\/ca\\\/qui-som\\\/#breadcrumb\"},\"inLanguage\":\"ca\",\"potentialAction\":[{\"@type\":\"ReadAction\",\"target\":[\"https:\\\/\\\/www.pinord-masblanc.com\\\/ca\\\/qui-som\\\/\"]}]},{\"@type\":\"BreadcrumbList\",\"@id\":\"https:\\\/\\\/www.pinord-masblanc.com\\\/ca\\\/qui-som\\\/#breadcrumb\",\"itemListElement\":[{\"@type\":\"ListItem\",\"position\":1,\"name\":\"Portada\",\"item\":\"https:\\\/\\\/www.pinord-masblanc.com\\\/ca\\\/\"},{\"@type\":\"ListItem\",\"position\":2,\"name\":\"Qui som\"}]},{\"@type\":\"WebSite\",\"@id\":\"https:\\\/\\\/www.pinord-masblanc.com\\\/ca\\\/#website\",\"url\":\"https:\\\/\\\/www.pinord-masblanc.com\\\/ca\\\/\",\"name\":\"Pinord Mas Blanc\",\"description\":\"Vinos D.O.Q Priorat\",\"publisher\":{\"@id\":\"https:\\\/\\\/www.pinord-masblanc.com\\\/ca\\\/#organization\"},\"potentialAction\":[{\"@type\":\"SearchAction\",\"target\":{\"@type\":\"EntryPoint\",\"urlTemplate\":\"https:\\\/\\\/www.pinord-masblanc.com\\\/ca\\\/?s={search_term_string}\"},\"query-input\":{\"@type\":\"PropertyValueSpecification\",\"valueRequired\":true,\"valueName\":\"search_term_string\"}}],\"inLanguage\":\"ca\"},{\"@type\":\"Organization\",\"@id\":\"https:\\\/\\\/www.pinord-masblanc.com\\\/ca\\\/#organization\",\"name\":\"Pinord Mas Blanc\",\"url\":\"https:\\\/\\\/www.pinord-masblanc.com\\\/ca\\\/\",\"logo\":{\"@type\":\"ImageObject\",\"inLanguage\":\"ca\",\"@id\":\"https:\\\/\\\/www.pinord-masblanc.com\\\/ca\\\/#\\\/schema\\\/logo\\\/image\\\/\",\"url\":\"https:\\\/\\\/www.pinord-masblanc.com\\\/wp-content\\\/uploads\\\/2021\\\/05\\\/Logo-Pinord-Mas-Blanc-B.png\",\"contentUrl\":\"https:\\\/\\\/www.pinord-masblanc.com\\\/wp-content\\\/uploads\\\/2021\\\/05\\\/Logo-Pinord-Mas-Blanc-B.png\",\"width\":400,\"height\":353,\"caption\":\"Pinord Mas Blanc\"},\"image\":{\"@id\":\"https:\\\/\\\/www.pinord-masblanc.com\\\/ca\\\/#\\\/schema\\\/logo\\\/image\\\/\"}}]}<\/script>\n<!-- \/ Yoast SEO plugin. -->","yoast_head_json":{"title":"Qui som - Pinord Mas Blanc","robots":{"index":"index","follow":"follow","max-snippet":"max-snippet:-1","max-image-preview":"max-image-preview:large","max-video-preview":"max-video-preview:-1"},"canonical":"https:\/\/www.pinord-masblanc.com\/ca\/qui-som\/","og_locale":"ca_ES","og_type":"article","og_title":"Qui som - Pinord Mas Blanc","og_description":"[vc_row css=&#8221;.vc_custom_1492069466896{padding-top: 150px !important;padding-bottom: 150px !important;}&#8221;][vc_column][vc_single_image image=&#8221;12038&#8243; img_size=&#8221;full&#8221; alignment=&#8221;center&#8221; css=&#8221;.vc_custom_1622458067535{padding-top: 100px !important;padding-bottom: 100px !important;}&#8221;][vc_single_image image=&#8221;12038&#8243; img_size=&#8221;full&#8221; alignment=&#8221;center&#8221; css=&#8221;.vc_custom_1490972834054{margin-top: -10px !important;}&#8221;][\/vc_column][\/vc_row]","og_url":"https:\/\/www.pinord-masblanc.com\/ca\/qui-som\/","og_site_name":"Pinord Mas Blanc","article_modified_time":"2021-11-25T11:52:48+00:00","twitter_card":"summary_large_image","twitter_misc":{"Temps estimat de lectura":"2 minuts"},"schema":{"@context":"https:\/\/schema.org","@graph":[{"@type":"WebPage","@id":"https:\/\/www.pinord-masblanc.com\/ca\/qui-som\/","url":"https:\/\/www.pinord-masblanc.com\/ca\/qui-som\/","name":"Qui som - Pinord Mas Blanc","isPartOf":{"@id":"https:\/\/www.pinord-masblanc.com\/ca\/#website"},"datePublished":"2021-11-24T09:29:53+00:00","dateModified":"2021-11-25T11:52:48+00:00","breadcrumb":{"@id":"https:\/\/www.pinord-masblanc.com\/ca\/qui-som\/#breadcrumb"},"inLanguage":"ca","potentialAction":[{"@type":"ReadAction","target":["https:\/\/www.pinord-masblanc.com\/ca\/qui-som\/"]}]},{"@type":"BreadcrumbList","@id":"https:\/\/www.pinord-masblanc.com\/ca\/qui-som\/#breadcrumb","itemListElement":[{"@type":"ListItem","position":1,"name":"Portada","item":"https:\/\/www.pinord-masblanc.com\/ca\/"},{"@type":"ListItem","position":2,"name":"Qui som"}]},{"@type":"WebSite","@id":"https:\/\/www.pinord-masblanc.com\/ca\/#website","url":"https:\/\/www.pinord-masblanc.com\/ca\/","name":"Pinord Mas Blanc","description":"Vinos D.O.Q Priorat","publisher":{"@id":"https:\/\/www.pinord-masblanc.com\/ca\/#organization"},"potentialAction":[{"@type":"SearchAction","target":{"@type":"EntryPoint","urlTemplate":"https:\/\/www.pinord-masblanc.com\/ca\/?s={search_term_string}"},"query-input":{"@type":"PropertyValueSpecification","valueRequired":true,"valueName":"search_term_string"}}],"inLanguage":"ca"},{"@type":"Organization","@id":"https:\/\/www.pinord-masblanc.com\/ca\/#organization","name":"Pinord Mas Blanc","url":"https:\/\/www.pinord-masblanc.com\/ca\/","logo":{"@type":"ImageObject","inLanguage":"ca","@id":"https:\/\/www.pinord-masblanc.com\/ca\/#\/schema\/logo\/image\/","url":"https:\/\/www.pinord-masblanc.com\/wp-content\/uploads\/2021\/05\/Logo-Pinord-Mas-Blanc-B.png","contentUrl":"https:\/\/www.pinord-masblanc.com\/wp-content\/uploads\/2021\/05\/Logo-Pinord-Mas-Blanc-B.png","width":400,"height":353,"caption":"Pinord Mas Blanc"},"image":{"@id":"https:\/\/www.pinord-masblanc.com\/ca\/#\/schema\/logo\/image\/"}}]}},"_links":{"self":[{"href":"https:\/\/www.pinord-masblanc.com\/ca\/wp-json\/wp\/v2\/pages\/12568","targetHints":{"allow":["GET"]}}],"collection":[{"href":"https:\/\/www.pinord-masblanc.com\/ca\/wp-json\/wp\/v2\/pages"}],"about":[{"href":"https:\/\/www.pinord-masblanc.com\/ca\/wp-json\/wp\/v2\/types\/page"}],"author":[{"embeddable":true,"href":"https:\/\/www.pinord-masblanc.com\/ca\/wp-json\/wp\/v2\/users\/3"}],"replies":[{"embeddable":true,"href":"https:\/\/www.pinord-masblanc.com\/ca\/wp-json\/wp\/v2\/comments?post=12568"}],"version-history":[{"count":3,"href":"https:\/\/www.pinord-masblanc.com\/ca\/wp-json\/wp\/v2\/pages\/12568\/revisions"}],"predecessor-version":[{"id":12693,"href":"https:\/\/www.pinord-masblanc.com\/ca\/wp-json\/wp\/v2\/pages\/12568\/revisions\/12693"}],"wp:attachment":[{"href":"https:\/\/www.pinord-masblanc.com\/ca\/wp-json\/wp\/v2\/media?parent=12568"}],"curies":[{"name":"wp","href":"https:\/\/api.w.org\/{rel}","templated":true}]}}