{"id":12550,"date":"2021-11-24T08:42:55","date_gmt":"2021-11-24T08:42:55","guid":{"rendered":"https:\/\/www.pinord-masblanc.com\/?page_id=12550"},"modified":"2021-11-24T08:42:55","modified_gmt":"2021-11-24T08:42:55","slug":"rdi","status":"publish","type":"page","link":"https:\/\/www.pinord-masblanc.com\/ca\/rdi\/","title":{"rendered":"R+D+i"},"content":{"rendered":"<div class=\"wpb-content-wrapper\"><p>[vc_row row_content_width=&#8221;grid&#8221; css=&#8221;.vc_custom_1492072018474{padding-top: 147px !important;}&#8221;][vc_column]<div class=\"eltdf-elements-holder eltdf-responsive-mode-768\" ><div class=\"eltdf-eh-item eltdf-horizontal-alignment-center\" data-item-class=\"eltdf-eh-custom-660273\" data-1024-1280=\"0 33% 0\" data-768-1024=\"0 27% 0\" data-600-768=\"0 19% 0\" data-480=\"0 0% 0\" >\n\t<div class=\"eltdf-eh-item-inner\" >\n\t\t<div class=\"eltdf-eh-item-content eltdf-eh-custom-660273\" style=\"padding: 0 25% 0 25%\">\n\t\t\t[vc_column_text]De la mateixa manera que confiem en la saviesa ancestral per elaborar els nostres productes, tamb\u00e9 ho fem apostant per les noves tecnologies. A <strong>Mas Blanc<\/strong> treballem com sempre s&#8217;ha fet, per\u00f2 hem integrat els sistemes m\u00e9s avan\u00e7ats de control i an\u00e0lisi. Aix\u00ed obtenim uns vins de qualitat immillorable.[\/vc_column_text][vc_empty_space height=&#8221;80px&#8221;][vc_separator]\t\t<\/div>\n\t<\/div>\n\t<\/div><\/div>[\/vc_column][\/vc_row][vc_row][vc_column]<div class=\"eltdf-elements-holder eltdf-responsive-mode-768\" ><div class=\"eltdf-eh-item eltdf-horizontal-alignment-center\" data-item-class=\"eltdf-eh-custom-527625\" >\n\t<div class=\"eltdf-eh-item-inner\" >\n\t\t<div class=\"eltdf-eh-item-content eltdf-eh-custom-527625\" style=\"padding: 100px 0% 0%\">\n\t\t\t[vc_row_inner row_content_width=&#8221;grid&#8221;][vc_column_inner width=&#8221;1\/3&#8243;]    <span class=\"eltdf-icon-shortcode eltdf-normal\" style=\"margin: 50px 0px 0px 0px\" data-color=\"#961d5b\">\n                    <a itemprop=\"url\" class=\"\" href=\"#\" target=\"_self\">\n                    <i class=\"eltdf-icon-font-awesome fa fa-hand-rock-o eltdf-icon-element\" style=\"color: #961d5b;font-size:32px\" ><\/i>                    <\/a>\n            <\/span>\n[vc_empty_space height=&#8221;8px&#8221;][vc_column_text]<\/p>\n<h5><span style=\"color: #8a8a8a;\">Feina manual<\/span><\/h5>\n<p>[\/vc_column_text][vc_column_text]Sistemes de transport i recol\u00b7lecci\u00f3 adaptats per poder fer una supervisi\u00f3 directa i manual de la verema.[\/vc_column_text][\/vc_column_inner][vc_column_inner width=&#8221;1\/3&#8243;]    <span class=\"eltdf-icon-shortcode eltdf-normal\" style=\"margin: 50px 0px 0px 0px\" data-color=\"#961d5b\">\n                    <a itemprop=\"url\" class=\"\" href=\"#\" target=\"_self\">\n                    <i class=\"eltd-icon-dripicons dripicon dripicon-gear eltdf-icon-element\" style=\"color: #961d5b;font-size:32px\" ><\/i>                    <\/a>\n            <\/span>\n[vc_empty_space height=&#8221;8px&#8221;][vc_column_text]<\/p>\n<h5><span style=\"color: #8a8a8a;\">Premses<\/span><\/h5>\n<p>[\/vc_column_text][vc_column_text]Premses pneum\u00e0tiques, de pressi\u00f3 variable i d&#8217;alta precisi\u00f3, que ens permeten treure el most m\u00e9s pur i m\u00e9s fresc, sense rebregar gaire la pell i les llavors.[\/vc_column_text][\/vc_column_inner][vc_column_inner width=&#8221;1\/3&#8243;]    <span class=\"eltdf-icon-shortcode eltdf-normal\" style=\"margin: 50px 0px 0px 0px\" data-color=\"#961d5b\">\n                    <a itemprop=\"url\" class=\"\" href=\"#\" target=\"_self\">\n                    <i class=\"eltdf-icon-ion-icon ion-wineglass eltdf-icon-element\" style=\"color: #961d5b;font-size:32px\" ><\/i>                    <\/a>\n            <\/span>\n[vc_empty_space height=&#8221;8px&#8221;][vc_column_text]<\/p>\n<h5><span style=\"color: #8a8a8a;\">Varietats<\/span><\/h5>\n<p>[\/vc_column_text][vc_column_text]Tractem cada varietat de ra\u00efm per separat, assegurant-nos que obtingui la fermentaci\u00f3 i la temperatura adequades.[\/vc_column_text][\/vc_column_inner][\/vc_row_inner][vc_empty_space height=&#8221;90px&#8221;][vc_row_inner row_content_width=&#8221;grid&#8221;][vc_column_inner width=&#8221;1\/3&#8243;]    <span class=\"eltdf-icon-shortcode eltdf-normal\" style=\"margin: 50px 0px 0px 0px\" data-color=\"#961d5b\">\n                    <a itemprop=\"url\" class=\"\" href=\"#\" target=\"_self\">\n                    <i class=\"eltdf-icon-font-awesome fa fa-flask eltdf-icon-element\" style=\"color: #961d5b;font-size:32px\" ><\/i>                    <\/a>\n            <\/span>\n[vc_empty_space height=&#8221;8px&#8221;][vc_column_text]<\/p>\n<h5><span style=\"color: #8a8a8a;\">Control de qualitat<\/span><\/h5>\n<p>[\/vc_column_text][vc_column_text]El nostre departament d&#8217;an\u00e0lisi i control s&#8217;assegura que els nostres vins siguin de la qualitat m\u00e9s alta.[\/vc_column_text][\/vc_column_inner][vc_column_inner width=&#8221;1\/3&#8243;]    <span class=\"eltdf-icon-shortcode eltdf-normal\" style=\"margin: 50px 0px 0px 0px\" data-color=\"#961d5b\">\n                    <a itemprop=\"url\" class=\"\" href=\"#\" target=\"_self\">\n                    <i class=\"eltd-icon-linear-icon lnr lnr-drop eltdf-icon-element\" style=\"color: #961d5b;font-size:32px\" ><\/i>                    <\/a>\n            <\/span>\n[vc_empty_space height=&#8221;8px&#8221;][vc_column_text]<\/p>\n<h5><span style=\"color: #8a8a8a;\">Crian\u00e7a<\/span><\/h5>\n<p>[\/vc_column_text][vc_column_text]Afinem les nostres varietats en una nau de crian\u00e7a integrada en la terra mateixa.[\/vc_column_text][\/vc_column_inner][vc_column_inner width=&#8221;1\/3&#8243;]    <span class=\"eltdf-icon-shortcode eltdf-normal\" style=\"margin: 50px 0px 0px 0px\" data-color=\"#961d5b\">\n                    <a itemprop=\"url\" class=\"\" href=\"#\" target=\"_self\">\n                    <i class=\"eltdf-icon-font-awesome fa fa-laptop eltdf-icon-element\" style=\"color: #961d5b;font-size:32px\" ><\/i>                    <\/a>\n            <\/span>\n[vc_empty_space height=&#8221;8px&#8221;][vc_column_text]<\/p>\n<h5><span style=\"color: #8a8a8a;\">Tecnologia<\/span><\/h5>\n<p>[\/vc_column_text][vc_column_text]Juntament amb <strong>Verdtech<\/strong>, treballem per controlar els estressos h\u00eddrics de la vinya i una estaci\u00f3 meteorol\u00f2gica ens envia dades en directe sobre les condicions als nostres camps.[\/vc_column_text][\/vc_column_inner][\/vc_row_inner]\t\t<\/div>\n\t<\/div>\n\t<\/div><\/div>[vc_row_inner content_text_aligment=&#8221;center&#8221; css=&#8221;.vc_custom_1490608379548{padding-top: 100px !important;}&#8221;][vc_column_inner]<div class=\"eltdf-elements-holder eltdf-responsive-mode-768 eltdf-one-column-alignment-center\" ><div class=\"eltdf-eh-item eltdf-horizontal-alignment-center\" data-item-class=\"eltdf-eh-custom-302256\" data-1280-1600=\"11% 0%\" data-1024-1280=\"11% 0%\" data-768-1024=\"11% 0%\" data-600-768=\"11% 0%\" data-480-600=\"11% 0%\" data-480=\"11% 0%\" >\n\t<div class=\"eltdf-eh-item-inner\" >\n\t\t<div class=\"eltdf-eh-item-content eltdf-eh-custom-302256\" style=\"padding: 0\">\n\t\t\t[vc_single_image image=&#8221;12424&#8243; img_size=&#8221;full&#8221; alignment=&#8221;center&#8221;]\t\t<\/div>\n\t<\/div>\n\t<\/div><\/div>[\/vc_column_inner][\/vc_row_inner][\/vc_column][\/vc_row]<\/p>\n<\/div>","protected":false},"excerpt":{"rendered":"<p>[vc_row row_content_width=&#8221;grid&#8221; css=&#8221;.vc_custom_1492072018474{padding-top: 147px !important;}&#8221;][vc_column][\/vc_column][\/vc_row][vc_row][vc_column][vc_row_inner content_text_aligment=&#8221;center&#8221; css=&#8221;.vc_custom_1490608379548{padding-top: 100px !important;}&#8221;][vc_column_inner][\/vc_column_inner][\/vc_row_inner][\/vc_column][\/vc_row]<\/p>\n","protected":false},"author":3,"featured_media":0,"parent":0,"menu_order":0,"comment_status":"closed","ping_status":"closed","template":"full-width.php","meta":{"footnotes":""},"class_list":["post-12550","page","type-page","status-publish","hentry"],"yoast_head":"<!-- This site is optimized with the Yoast SEO plugin v27.3 - https:\/\/yoast.com\/product\/yoast-seo-wordpress\/ -->\n<title>R+D+i - Pinord Mas Blanc<\/title>\n<meta name=\"robots\" content=\"index, follow, max-snippet:-1, max-image-preview:large, max-video-preview:-1\" \/>\n<link rel=\"canonical\" href=\"https:\/\/www.pinord-masblanc.com\/ca\/rdi\/\" \/>\n<meta property=\"og:locale\" content=\"ca_ES\" \/>\n<meta property=\"og:type\" content=\"article\" \/>\n<meta property=\"og:title\" content=\"R+D+i - Pinord Mas Blanc\" \/>\n<meta property=\"og:description\" content=\"[vc_row row_content_width=&#8221;grid&#8221; css=&#8221;.vc_custom_1492072018474{padding-top: 147px !important;}&#8221;][vc_column][\/vc_column][\/vc_row][vc_row][vc_column][vc_row_inner content_text_aligment=&#8221;center&#8221; css=&#8221;.vc_custom_1490608379548{padding-top: 100px !important;}&#8221;][vc_column_inner][\/vc_column_inner][\/vc_row_inner][\/vc_column][\/vc_row]\" \/>\n<meta property=\"og:url\" content=\"https:\/\/www.pinord-masblanc.com\/ca\/rdi\/\" \/>\n<meta property=\"og:site_name\" content=\"Pinord Mas Blanc\" \/>\n<meta name=\"twitter:card\" content=\"summary_large_image\" \/>\n<meta name=\"twitter:label1\" content=\"Temps estimat de lectura\" \/>\n\t<meta name=\"twitter:data1\" content=\"2 minuts\" \/>\n<script type=\"application\/ld+json\" class=\"yoast-schema-graph\">{\"@context\":\"https:\\\/\\\/schema.org\",\"@graph\":[{\"@type\":\"WebPage\",\"@id\":\"https:\\\/\\\/www.pinord-masblanc.com\\\/ca\\\/rdi\\\/\",\"url\":\"https:\\\/\\\/www.pinord-masblanc.com\\\/ca\\\/rdi\\\/\",\"name\":\"R+D+i - Pinord Mas Blanc\",\"isPartOf\":{\"@id\":\"https:\\\/\\\/www.pinord-masblanc.com\\\/ca\\\/#website\"},\"datePublished\":\"2021-11-24T08:42:55+00:00\",\"breadcrumb\":{\"@id\":\"https:\\\/\\\/www.pinord-masblanc.com\\\/ca\\\/rdi\\\/#breadcrumb\"},\"inLanguage\":\"ca\",\"potentialAction\":[{\"@type\":\"ReadAction\",\"target\":[\"https:\\\/\\\/www.pinord-masblanc.com\\\/ca\\\/rdi\\\/\"]}]},{\"@type\":\"BreadcrumbList\",\"@id\":\"https:\\\/\\\/www.pinord-masblanc.com\\\/ca\\\/rdi\\\/#breadcrumb\",\"itemListElement\":[{\"@type\":\"ListItem\",\"position\":1,\"name\":\"Portada\",\"item\":\"https:\\\/\\\/www.pinord-masblanc.com\\\/ca\\\/\"},{\"@type\":\"ListItem\",\"position\":2,\"name\":\"R+D+i\"}]},{\"@type\":\"WebSite\",\"@id\":\"https:\\\/\\\/www.pinord-masblanc.com\\\/ca\\\/#website\",\"url\":\"https:\\\/\\\/www.pinord-masblanc.com\\\/ca\\\/\",\"name\":\"Pinord Mas Blanc\",\"description\":\"Vinos D.O.Q Priorat\",\"publisher\":{\"@id\":\"https:\\\/\\\/www.pinord-masblanc.com\\\/ca\\\/#organization\"},\"potentialAction\":[{\"@type\":\"SearchAction\",\"target\":{\"@type\":\"EntryPoint\",\"urlTemplate\":\"https:\\\/\\\/www.pinord-masblanc.com\\\/ca\\\/?s={search_term_string}\"},\"query-input\":{\"@type\":\"PropertyValueSpecification\",\"valueRequired\":true,\"valueName\":\"search_term_string\"}}],\"inLanguage\":\"ca\"},{\"@type\":\"Organization\",\"@id\":\"https:\\\/\\\/www.pinord-masblanc.com\\\/ca\\\/#organization\",\"name\":\"Pinord Mas Blanc\",\"url\":\"https:\\\/\\\/www.pinord-masblanc.com\\\/ca\\\/\",\"logo\":{\"@type\":\"ImageObject\",\"inLanguage\":\"ca\",\"@id\":\"https:\\\/\\\/www.pinord-masblanc.com\\\/ca\\\/#\\\/schema\\\/logo\\\/image\\\/\",\"url\":\"https:\\\/\\\/www.pinord-masblanc.com\\\/wp-content\\\/uploads\\\/2021\\\/05\\\/Logo-Pinord-Mas-Blanc-B.png\",\"contentUrl\":\"https:\\\/\\\/www.pinord-masblanc.com\\\/wp-content\\\/uploads\\\/2021\\\/05\\\/Logo-Pinord-Mas-Blanc-B.png\",\"width\":400,\"height\":353,\"caption\":\"Pinord Mas Blanc\"},\"image\":{\"@id\":\"https:\\\/\\\/www.pinord-masblanc.com\\\/ca\\\/#\\\/schema\\\/logo\\\/image\\\/\"}}]}<\/script>\n<!-- \/ Yoast SEO plugin. -->","yoast_head_json":{"title":"R+D+i - Pinord Mas Blanc","robots":{"index":"index","follow":"follow","max-snippet":"max-snippet:-1","max-image-preview":"max-image-preview:large","max-video-preview":"max-video-preview:-1"},"canonical":"https:\/\/www.pinord-masblanc.com\/ca\/rdi\/","og_locale":"ca_ES","og_type":"article","og_title":"R+D+i - Pinord Mas Blanc","og_description":"[vc_row row_content_width=&#8221;grid&#8221; css=&#8221;.vc_custom_1492072018474{padding-top: 147px !important;}&#8221;][vc_column][\/vc_column][\/vc_row][vc_row][vc_column][vc_row_inner content_text_aligment=&#8221;center&#8221; css=&#8221;.vc_custom_1490608379548{padding-top: 100px !important;}&#8221;][vc_column_inner][\/vc_column_inner][\/vc_row_inner][\/vc_column][\/vc_row]","og_url":"https:\/\/www.pinord-masblanc.com\/ca\/rdi\/","og_site_name":"Pinord Mas Blanc","twitter_card":"summary_large_image","twitter_misc":{"Temps estimat de lectura":"2 minuts"},"schema":{"@context":"https:\/\/schema.org","@graph":[{"@type":"WebPage","@id":"https:\/\/www.pinord-masblanc.com\/ca\/rdi\/","url":"https:\/\/www.pinord-masblanc.com\/ca\/rdi\/","name":"R+D+i - Pinord Mas Blanc","isPartOf":{"@id":"https:\/\/www.pinord-masblanc.com\/ca\/#website"},"datePublished":"2021-11-24T08:42:55+00:00","breadcrumb":{"@id":"https:\/\/www.pinord-masblanc.com\/ca\/rdi\/#breadcrumb"},"inLanguage":"ca","potentialAction":[{"@type":"ReadAction","target":["https:\/\/www.pinord-masblanc.com\/ca\/rdi\/"]}]},{"@type":"BreadcrumbList","@id":"https:\/\/www.pinord-masblanc.com\/ca\/rdi\/#breadcrumb","itemListElement":[{"@type":"ListItem","position":1,"name":"Portada","item":"https:\/\/www.pinord-masblanc.com\/ca\/"},{"@type":"ListItem","position":2,"name":"R+D+i"}]},{"@type":"WebSite","@id":"https:\/\/www.pinord-masblanc.com\/ca\/#website","url":"https:\/\/www.pinord-masblanc.com\/ca\/","name":"Pinord Mas Blanc","description":"Vinos D.O.Q Priorat","publisher":{"@id":"https:\/\/www.pinord-masblanc.com\/ca\/#organization"},"potentialAction":[{"@type":"SearchAction","target":{"@type":"EntryPoint","urlTemplate":"https:\/\/www.pinord-masblanc.com\/ca\/?s={search_term_string}"},"query-input":{"@type":"PropertyValueSpecification","valueRequired":true,"valueName":"search_term_string"}}],"inLanguage":"ca"},{"@type":"Organization","@id":"https:\/\/www.pinord-masblanc.com\/ca\/#organization","name":"Pinord Mas Blanc","url":"https:\/\/www.pinord-masblanc.com\/ca\/","logo":{"@type":"ImageObject","inLanguage":"ca","@id":"https:\/\/www.pinord-masblanc.com\/ca\/#\/schema\/logo\/image\/","url":"https:\/\/www.pinord-masblanc.com\/wp-content\/uploads\/2021\/05\/Logo-Pinord-Mas-Blanc-B.png","contentUrl":"https:\/\/www.pinord-masblanc.com\/wp-content\/uploads\/2021\/05\/Logo-Pinord-Mas-Blanc-B.png","width":400,"height":353,"caption":"Pinord Mas Blanc"},"image":{"@id":"https:\/\/www.pinord-masblanc.com\/ca\/#\/schema\/logo\/image\/"}}]}},"_links":{"self":[{"href":"https:\/\/www.pinord-masblanc.com\/ca\/wp-json\/wp\/v2\/pages\/12550","targetHints":{"allow":["GET"]}}],"collection":[{"href":"https:\/\/www.pinord-masblanc.com\/ca\/wp-json\/wp\/v2\/pages"}],"about":[{"href":"https:\/\/www.pinord-masblanc.com\/ca\/wp-json\/wp\/v2\/types\/page"}],"author":[{"embeddable":true,"href":"https:\/\/www.pinord-masblanc.com\/ca\/wp-json\/wp\/v2\/users\/3"}],"replies":[{"embeddable":true,"href":"https:\/\/www.pinord-masblanc.com\/ca\/wp-json\/wp\/v2\/comments?post=12550"}],"version-history":[{"count":1,"href":"https:\/\/www.pinord-masblanc.com\/ca\/wp-json\/wp\/v2\/pages\/12550\/revisions"}],"predecessor-version":[{"id":12552,"href":"https:\/\/www.pinord-masblanc.com\/ca\/wp-json\/wp\/v2\/pages\/12550\/revisions\/12552"}],"wp:attachment":[{"href":"https:\/\/www.pinord-masblanc.com\/ca\/wp-json\/wp\/v2\/media?parent=12550"}],"curies":[{"name":"wp","href":"https:\/\/api.w.org\/{rel}","templated":true}]}}