{"id":12540,"date":"2021-11-23T16:24:18","date_gmt":"2021-11-23T16:24:18","guid":{"rendered":"https:\/\/www.pinord-masblanc.com\/?page_id=12540"},"modified":"2021-11-25T12:29:35","modified_gmt":"2021-11-25T11:29:35","slug":"main-home","status":"publish","type":"page","link":"https:\/\/www.pinord-masblanc.com\/ca\/","title":{"rendered":"Home"},"content":{"rendered":"<div class=\"wpb-content-wrapper\"><p>[vc_row row_content_width=&#8221;grid&#8221; css=&#8221;.vc_custom_1489661241046{padding-top: 120px !important;padding-bottom: 0px !important;}&#8221;][vc_column][vc_row_inner][vc_column_inner offset=&#8221;vc_col-lg-3 vc_col-md-4&#8243;][vc_column_text]<\/p>\n<h3>Mas Blanc<\/h3>\n<p>[\/vc_column_text][vc_empty_space height=&#8221;18px&#8221;][vc_single_image image=&#8221;12362&#8243;][\/vc_column_inner][vc_column_inner offset=&#8221;vc_col-lg-9 vc_col-md-8&#8243; css=&#8221;.vc_custom_1489661199322{padding-bottom: 140px !important;}&#8221;][vc_empty_space height=&#8221;15px&#8221;][vc_column_text]Mas Blanc \u00e9s fruit del treball de generacions de la <strong>hist\u00f2rica fam\u00edlia de viticultors Tetas<\/strong>. El somni familiar el lidera actualment <strong>Joan Josep Tetas<\/strong>, membre de la <strong>tercera generaci\u00f3<\/strong>. La seva fam\u00edlia i les seves arrels s\u00f3n el motor de la seva passi\u00f3 i el seu objectiu \u00e9s continuar honrant la feina ben feta de sempre, combinant-la amb la precisi\u00f3 que permet l&#8217;\u00fas de les \u00faltimes tecnologies vitivin\u00edcoles.[\/vc_column_text][\/vc_column_inner][\/vc_row_inner][vc_separator][\/vc_column][\/vc_row][vc_row row_content_width=&#8221;grid&#8221; content_text_aligment=&#8221;center&#8221; css=&#8221;.vc_custom_1489661365603{padding-top: 150px !important;padding-bottom: 100px !important;}&#8221;][vc_column css=&#8221;.vc_custom_1489652759587{padding-right: 0px !important;padding-left: 0px !important;}&#8221;]<div class=\"eltdf-section-title-holder\" >\n\t\t\t<h2 class=\"eltdf-st-title\" >\n\t\t\t<span>Qu\u00e8 fem<\/span>\n\t\t<\/h2>\n                    <div class=\"eltdf-st-separator clearfix\">\n                <div class=\"eltdf-separator\" ><\/div>\n            <\/div>\n        \t\t\t<\/div>[vc_empty_space height=&#8221;90px&#8221;]<div class=\"eltdf-elements-holder eltdf-responsive-mode-768\" ><div class=\"eltdf-eh-item \" data-item-class=\"eltdf-eh-custom-125339\" data-1280-1600=\"0% 4%\" data-1024-1280=\"0% 4%\" data-768-1024=\"0% 0%\" data-600-768=\"0% 0%\" data-480-600=\"0% 0%\" data-480=\"0% 0%\" >\n\t<div class=\"eltdf-eh-item-inner\" >\n\t\t<div class=\"eltdf-eh-item-content eltdf-eh-custom-125339\" style=\"padding: 0% 4%\">\n\t\t\t<div class=\"eltdf-workflow eltdf-workflow-animate\">\n    <div class=\"eltdf-workflow-item eltdf-workflow-item-narrow_image\">\n    <div class=\"eltdf-workflow-item-inner\">\n        <div class=\"eltdf-workflow-text-left\">\n                            <h6 class=\"eltdf-wfi-subtitle\">Pinord<\/h6>\n                        <span class=\"circle\"><\/span>\n                            <h3 class=\"eltdf-wfi-title\">Or\u00edgens<\/h3>\n                                        <p class=\"text\">El 1942, Josep Maria Tetas va construir el celler a Vilafranca i va fundar l&#039;empresa Pinord.<\/p>\n                    <\/div>\n        <div class=\"eltdf-workflow-image\">\n            <img loading=\"lazy\" decoding=\"async\" width=\"200\" height=\"247\" src=\"https:\/\/www.pinord-masblanc.com\/wp-content\/uploads\/2021\/05\/Workflow-01.jpg\" class=\"attachment-full size-full\" alt=\"\" \/>        <\/div>\n        <div class=\"eltdf-workflow-text-right\">\n            <span class=\"circle\"><\/span>\n                            <h6 class=\"eltdf-wfi-subtitle\">Varietats<\/h6>\n                                        <h3 class=\"eltdf-wfi-title\">pioners<\/h3>\n                                        <p class=\"text\">Varietats aut\u00f2ctones, com garnatxa i carinyena, combinades amb varietats foranes perfectament adaptades, com cabernet sauvignon, syrah o merlot.<\/p>\n                    <\/div>\n    <\/div>\n<\/div><div class=\"eltdf-workflow-item eltdf-workflow-item-narrow_image\">\n    <div class=\"eltdf-workflow-item-inner\">\n        <div class=\"eltdf-workflow-text-left\">\n                            <h6 class=\"eltdf-wfi-subtitle\">Cicles naturals<\/h6>\n                        <span class=\"circle\"><\/span>\n                            <h3 class=\"eltdf-wfi-title\">Terra Ancestral<\/h3>\n                                        <p class=\"text\">L&#039;agricultura biodin\u00e0mica t\u00e9 en compte les connexions entre tots els elements de la terra per aprofitar els cicles naturals.<\/p>\n                    <\/div>\n        <div class=\"eltdf-workflow-image\">\n            <img loading=\"lazy\" decoding=\"async\" width=\"200\" height=\"247\" src=\"https:\/\/www.pinord-masblanc.com\/wp-content\/uploads\/2021\/05\/Workflow-02.jpg\" class=\"attachment-full size-full\" alt=\"\" \/>        <\/div>\n        <div class=\"eltdf-workflow-text-right\">\n            <span class=\"circle\"><\/span>\n                            <h6 class=\"eltdf-wfi-subtitle\">El resultat<\/h6>\n                                        <h3 class=\"eltdf-wfi-title\">Vins<\/h3>\n                                        <p class=\"text\">Vins amb tota la personalitat i autenticitat de l&#039;expressi\u00f3 de cada terroir, que ha donat el seu fruit en harmonia amb l&#039;entorn.<\/p>\n                    <\/div>\n    <\/div>\n<\/div><div class=\"eltdf-workflow-item eltdf-workflow-item-narrow_image\">\n    <div class=\"eltdf-workflow-item-inner\">\n        <div class=\"eltdf-workflow-text-left\">\n                            <h6 class=\"eltdf-wfi-subtitle\">Agricultura<\/h6>\n                        <span class=\"circle\"><\/span>\n                            <h3 class=\"eltdf-wfi-title\">Ecol\u00f2gica<\/h3>\n                                        <p class=\"text\">Vam ser el primer celler d&#039;Espanya a rebre el Certificat Demeter d&#039;Agricultura Biodin\u00e0mica.<\/p>\n                    <\/div>\n        <div class=\"eltdf-workflow-image\">\n            <img loading=\"lazy\" decoding=\"async\" width=\"200\" height=\"247\" src=\"https:\/\/www.pinord-masblanc.com\/wp-content\/uploads\/2021\/10\/Workflow-04.jpg\" class=\"attachment-full size-full\" alt=\"\" \/>        <\/div>\n        <div class=\"eltdf-workflow-text-right\">\n            <span class=\"circle\"><\/span>\n                            <h6 class=\"eltdf-wfi-subtitle\">R+D+I<\/h6>\n                                        <h3 class=\"eltdf-wfi-title\">Tecnologia<\/h3>\n                                        <p class=\"text\">Juntament amb Verdtech, treballem per controlar els estressos h\u00eddrics de la vinya i una estaci\u00f3 meteorol\u00f2gica ens envia dades en directe sobre les condicions als nostres camps.<\/p>\n                    <\/div>\n    <\/div>\n<\/div><\/div>\t\t<\/div>\n\t<\/div>\n\t<\/div><\/div>[\/vc_column][\/vc_row][vc_row content_text_aligment=&#8221;center&#8221;][vc_column][vc_row_inner row_content_width=&#8221;grid&#8221;][vc_column_inner][vc_separator][\/vc_column_inner][\/vc_row_inner]<div class=\"eltdf-elements-holder eltdf-responsive-mode-768\" ><div class=\"eltdf-eh-item eltdf-horizontal-alignment-center\" data-item-class=\"eltdf-eh-custom-968128\" data-1280-1600=\"12% 0%\" data-1024-1280=\"12% 0%\" data-768-1024=\"12% 0%\" data-600-768=\"11% 0%\" data-480-600=\"11% 0%\" data-480=\"11% 0%\" >\n\t<div class=\"eltdf-eh-item-inner\" style=\"background-image: url(https:\/\/www.pinord-masblanc.com\/wp-content\/uploads\/2021\/10\/Pinord-Priorat-21.09.29-72-scaled.jpg);background-size: cover\">\n\t\t<div class=\"eltdf-eh-item-content eltdf-eh-custom-968128\" style=\"padding: 13% 0%\">\n\t\t\t[vc_empty_space height=&#8221;300px&#8221;]\t\t<\/div>\n\t<\/div>\n\t<\/div><\/div>[\/vc_column][\/vc_row][vc_row row_content_width=&#8221;grid&#8221; content_text_aligment=&#8221;center&#8221; css=&#8221;.vc_custom_1489665642999{padding-top: 150px !important;padding-bottom: 100px !important;}&#8221;][vc_column width=&#8221;1\/2&#8243; offset=&#8221;vc_col-lg-3 vc_col-md-3&#8243;]    <span class=\"eltdf-icon-shortcode eltdf-normal\"  data-color=\"#961d5b\">\n                    <i class=\"eltd-icon-linear-icon lnr lnr-sun eltdf-icon-element\" style=\"color: #961d5b;font-size:32px\" ><\/i>            <\/span>\n[vc_empty_space]<div class=\"eltdf-counter-holder\">\n\t<div class=\"eltdf-counter-inner\">\n\t\t\t\t\t<span class=\"eltdf-counter eltdf-zero-counter\" >18<\/span>\n\t\t\t\t\t\t\t<h6 class=\"eltdf-counter-title\" style=\"color: #961d5b\">\n\t\t\t\thect\u00e0rees de vinyes\t\t\t<\/h6>\n\t\t\t\t\t<\/div>\n<\/div>[vc_empty_space height=&#8221;50px&#8221;][\/vc_column][vc_column width=&#8221;1\/2&#8243; offset=&#8221;vc_col-lg-3 vc_col-md-3&#8243;]    <span class=\"eltdf-icon-shortcode eltdf-normal\"  data-color=\"#961d5b\">\n                    <i class=\"eltdf-icon-ion-icon ion-wineglass eltdf-icon-element\" style=\"color: #961d5b;font-size:32px\" ><\/i>            <\/span>\n[vc_empty_space]<div class=\"eltdf-counter-holder\">\n\t<div class=\"eltdf-counter-inner\">\n\t\t\t\t\t<span class=\"eltdf-counter eltdf-zero-counter\" >150<\/span>\n\t\t\t\t\t\t\t<h6 class=\"eltdf-counter-title\" style=\"color: #961d5b\">\n\t\t\t\tanys elaborant vi\t\t\t<\/h6>\n\t\t\t\t\t<\/div>\n<\/div>[vc_empty_space height=&#8221;50px&#8221;][\/vc_column][vc_column width=&#8221;1\/2&#8243; offset=&#8221;vc_col-lg-3 vc_col-md-3&#8243;]    <span class=\"eltdf-icon-shortcode eltdf-normal\"  data-color=\"#961d5b\">\n                    <i class=\"eltd-icon-linear-icon lnr lnr-heart eltdf-icon-element\" style=\"color: #961d5b;font-size:32px\" ><\/i>            <\/span>\n[vc_empty_space]<div class=\"eltdf-counter-holder\">\n\t<div class=\"eltdf-counter-inner\">\n\t\t\t\t\t<span class=\"eltdf-counter eltdf-zero-counter\" >1942<\/span>\n\t\t\t\t\t\t\t<h6 class=\"eltdf-counter-title\" style=\"color: #961d5b\">\n\t\t\t\tany de la fundaci\u00f3 de Pinord\t\t\t<\/h6>\n\t\t\t\t\t<\/div>\n<\/div>[vc_empty_space height=&#8221;50px&#8221;][\/vc_column][vc_column width=&#8221;1\/2&#8243; offset=&#8221;vc_col-lg-3 vc_col-md-3&#8243;]    <span class=\"eltdf-icon-shortcode eltdf-normal\"  data-color=\"#961d5b\">\n                    <i class=\"eltd-icon-linear-icon lnr lnr-leaf eltdf-icon-element\" style=\"color: #961d5b;font-size:32px\" ><\/i>            <\/span>\n[vc_empty_space]<div class=\"eltdf-counter-holder\">\n\t<div class=\"eltdf-counter-inner\">\n\t\t\t\t\t<span class=\"eltdf-counter eltdf-zero-counter\" >2007<\/span>\n\t\t\t\t\t\t\t<h6 class=\"eltdf-counter-title\" style=\"color: #961d5b\">\n\t\t\t\tprimer celler d&#039;Espanya a rebre el Certificat Demeter\t\t\t<\/h6>\n\t\t\t\t\t<\/div>\n<\/div>[vc_empty_space height=&#8221;50px&#8221;][\/vc_column][\/vc_row]<\/p>\n<\/div>","protected":false},"excerpt":{"rendered":"<p>[vc_row row_content_width=&#8221;grid&#8221; css=&#8221;.vc_custom_1489661241046{padding-top: 120px !important;padding-bottom: 0px !important;}&#8221;][vc_column][vc_row_inner][vc_column_inner offset=&#8221;vc_col-lg-3 vc_col-md-4&#8243;][vc_column_text] Mas Blanc [\/vc_column_text][vc_empty_space height=&#8221;18px&#8221;][vc_single_image image=&#8221;12362&#8243;][\/vc_column_inner][vc_column_inner offset=&#8221;vc_col-lg-9 vc_col-md-8&#8243; css=&#8221;.vc_custom_1489661199322{padding-bottom: 140px !important;}&#8221;][vc_empty_space height=&#8221;15px&#8221;][vc_column_text]Mas Blanc \u00e9s fruit del treball de generacions de la hist\u00f2rica fam\u00edlia de viticultors Tetas. El somni familiar el lidera actualment Joan Josep Tetas, membre de [&hellip;]<\/p>\n","protected":false},"author":3,"featured_media":0,"parent":0,"menu_order":0,"comment_status":"closed","ping_status":"closed","template":"full-width.php","meta":{"footnotes":""},"class_list":["post-12540","page","type-page","status-publish","hentry"],"yoast_head":"<!-- This site is optimized with the Yoast SEO plugin v27.5 - https:\/\/yoast.com\/product\/yoast-seo-wordpress\/ -->\n<title>Home - Pinord Mas Blanc<\/title>\n<meta name=\"robots\" content=\"index, follow, max-snippet:-1, max-image-preview:large, max-video-preview:-1\" \/>\n<link rel=\"canonical\" href=\"https:\/\/www.pinord-masblanc.com\/ca\/\" \/>\n<meta property=\"og:locale\" content=\"ca_ES\" \/>\n<meta property=\"og:type\" content=\"article\" \/>\n<meta property=\"og:title\" content=\"Home - Pinord Mas Blanc\" \/>\n<meta property=\"og:description\" content=\"[vc_row row_content_width=&#8221;grid&#8221; css=&#8221;.vc_custom_1489661241046{padding-top: 120px !important;padding-bottom: 0px !important;}&#8221;][vc_column][vc_row_inner][vc_column_inner offset=&#8221;vc_col-lg-3 vc_col-md-4&#8243;][vc_column_text] Mas Blanc [\/vc_column_text][vc_empty_space height=&#8221;18px&#8221;][vc_single_image image=&#8221;12362&#8243;][\/vc_column_inner][vc_column_inner offset=&#8221;vc_col-lg-9 vc_col-md-8&#8243; css=&#8221;.vc_custom_1489661199322{padding-bottom: 140px !important;}&#8221;][vc_empty_space height=&#8221;15px&#8221;][vc_column_text]Mas Blanc \u00e9s fruit del treball de generacions de la hist\u00f2rica fam\u00edlia de viticultors Tetas. El somni familiar el lidera actualment Joan Josep Tetas, membre de [&hellip;]\" \/>\n<meta property=\"og:url\" content=\"https:\/\/www.pinord-masblanc.com\/ca\/\" \/>\n<meta property=\"og:site_name\" content=\"Pinord Mas Blanc\" \/>\n<meta property=\"article:modified_time\" content=\"2021-11-25T11:29:35+00:00\" \/>\n<meta name=\"twitter:card\" content=\"summary_large_image\" \/>\n<meta name=\"twitter:label1\" content=\"Temps estimat de lectura\" \/>\n\t<meta name=\"twitter:data1\" content=\"2 minuts\" \/>\n<script type=\"application\/ld+json\" class=\"yoast-schema-graph\">{\"@context\":\"https:\\\/\\\/schema.org\",\"@graph\":[{\"@type\":\"WebPage\",\"@id\":\"https:\\\/\\\/www.pinord-masblanc.com\\\/ca\\\/\",\"url\":\"https:\\\/\\\/www.pinord-masblanc.com\\\/ca\\\/\",\"name\":\"Home - Pinord Mas Blanc\",\"isPartOf\":{\"@id\":\"https:\\\/\\\/www.pinord-masblanc.com\\\/ca\\\/#website\"},\"datePublished\":\"2021-11-23T16:24:18+00:00\",\"dateModified\":\"2021-11-25T11:29:35+00:00\",\"breadcrumb\":{\"@id\":\"https:\\\/\\\/www.pinord-masblanc.com\\\/ca\\\/#breadcrumb\"},\"inLanguage\":\"ca\",\"potentialAction\":[{\"@type\":\"ReadAction\",\"target\":[\"https:\\\/\\\/www.pinord-masblanc.com\\\/ca\\\/\"]}]},{\"@type\":\"BreadcrumbList\",\"@id\":\"https:\\\/\\\/www.pinord-masblanc.com\\\/ca\\\/#breadcrumb\",\"itemListElement\":[{\"@type\":\"ListItem\",\"position\":1,\"name\":\"Portada\",\"item\":\"https:\\\/\\\/www.pinord-masblanc.com\\\/ca\\\/\"},{\"@type\":\"ListItem\",\"position\":2,\"name\":\"Home\"}]},{\"@type\":\"WebSite\",\"@id\":\"https:\\\/\\\/www.pinord-masblanc.com\\\/ca\\\/#website\",\"url\":\"https:\\\/\\\/www.pinord-masblanc.com\\\/ca\\\/\",\"name\":\"Pinord Mas Blanc\",\"description\":\"Vinos D.O.Q Priorat\",\"publisher\":{\"@id\":\"https:\\\/\\\/www.pinord-masblanc.com\\\/ca\\\/#organization\"},\"potentialAction\":[{\"@type\":\"SearchAction\",\"target\":{\"@type\":\"EntryPoint\",\"urlTemplate\":\"https:\\\/\\\/www.pinord-masblanc.com\\\/ca\\\/?s={search_term_string}\"},\"query-input\":{\"@type\":\"PropertyValueSpecification\",\"valueRequired\":true,\"valueName\":\"search_term_string\"}}],\"inLanguage\":\"ca\"},{\"@type\":\"Organization\",\"@id\":\"https:\\\/\\\/www.pinord-masblanc.com\\\/ca\\\/#organization\",\"name\":\"Pinord Mas Blanc\",\"url\":\"https:\\\/\\\/www.pinord-masblanc.com\\\/ca\\\/\",\"logo\":{\"@type\":\"ImageObject\",\"inLanguage\":\"ca\",\"@id\":\"https:\\\/\\\/www.pinord-masblanc.com\\\/ca\\\/#\\\/schema\\\/logo\\\/image\\\/\",\"url\":\"https:\\\/\\\/www.pinord-masblanc.com\\\/wp-content\\\/uploads\\\/2021\\\/05\\\/Logo-Pinord-Mas-Blanc-B.png\",\"contentUrl\":\"https:\\\/\\\/www.pinord-masblanc.com\\\/wp-content\\\/uploads\\\/2021\\\/05\\\/Logo-Pinord-Mas-Blanc-B.png\",\"width\":400,\"height\":353,\"caption\":\"Pinord Mas Blanc\"},\"image\":{\"@id\":\"https:\\\/\\\/www.pinord-masblanc.com\\\/ca\\\/#\\\/schema\\\/logo\\\/image\\\/\"}}]}<\/script>\n<!-- \/ Yoast SEO plugin. -->","yoast_head_json":{"title":"Home - Pinord Mas Blanc","robots":{"index":"index","follow":"follow","max-snippet":"max-snippet:-1","max-image-preview":"max-image-preview:large","max-video-preview":"max-video-preview:-1"},"canonical":"https:\/\/www.pinord-masblanc.com\/ca\/","og_locale":"ca_ES","og_type":"article","og_title":"Home - Pinord Mas Blanc","og_description":"[vc_row row_content_width=&#8221;grid&#8221; css=&#8221;.vc_custom_1489661241046{padding-top: 120px !important;padding-bottom: 0px !important;}&#8221;][vc_column][vc_row_inner][vc_column_inner offset=&#8221;vc_col-lg-3 vc_col-md-4&#8243;][vc_column_text] Mas Blanc [\/vc_column_text][vc_empty_space height=&#8221;18px&#8221;][vc_single_image image=&#8221;12362&#8243;][\/vc_column_inner][vc_column_inner offset=&#8221;vc_col-lg-9 vc_col-md-8&#8243; css=&#8221;.vc_custom_1489661199322{padding-bottom: 140px !important;}&#8221;][vc_empty_space height=&#8221;15px&#8221;][vc_column_text]Mas Blanc \u00e9s fruit del treball de generacions de la hist\u00f2rica fam\u00edlia de viticultors Tetas. El somni familiar el lidera actualment Joan Josep Tetas, membre de [&hellip;]","og_url":"https:\/\/www.pinord-masblanc.com\/ca\/","og_site_name":"Pinord Mas Blanc","article_modified_time":"2021-11-25T11:29:35+00:00","twitter_card":"summary_large_image","twitter_misc":{"Temps estimat de lectura":"2 minuts"},"schema":{"@context":"https:\/\/schema.org","@graph":[{"@type":"WebPage","@id":"https:\/\/www.pinord-masblanc.com\/ca\/","url":"https:\/\/www.pinord-masblanc.com\/ca\/","name":"Home - Pinord Mas Blanc","isPartOf":{"@id":"https:\/\/www.pinord-masblanc.com\/ca\/#website"},"datePublished":"2021-11-23T16:24:18+00:00","dateModified":"2021-11-25T11:29:35+00:00","breadcrumb":{"@id":"https:\/\/www.pinord-masblanc.com\/ca\/#breadcrumb"},"inLanguage":"ca","potentialAction":[{"@type":"ReadAction","target":["https:\/\/www.pinord-masblanc.com\/ca\/"]}]},{"@type":"BreadcrumbList","@id":"https:\/\/www.pinord-masblanc.com\/ca\/#breadcrumb","itemListElement":[{"@type":"ListItem","position":1,"name":"Portada","item":"https:\/\/www.pinord-masblanc.com\/ca\/"},{"@type":"ListItem","position":2,"name":"Home"}]},{"@type":"WebSite","@id":"https:\/\/www.pinord-masblanc.com\/ca\/#website","url":"https:\/\/www.pinord-masblanc.com\/ca\/","name":"Pinord Mas Blanc","description":"Vinos D.O.Q Priorat","publisher":{"@id":"https:\/\/www.pinord-masblanc.com\/ca\/#organization"},"potentialAction":[{"@type":"SearchAction","target":{"@type":"EntryPoint","urlTemplate":"https:\/\/www.pinord-masblanc.com\/ca\/?s={search_term_string}"},"query-input":{"@type":"PropertyValueSpecification","valueRequired":true,"valueName":"search_term_string"}}],"inLanguage":"ca"},{"@type":"Organization","@id":"https:\/\/www.pinord-masblanc.com\/ca\/#organization","name":"Pinord Mas Blanc","url":"https:\/\/www.pinord-masblanc.com\/ca\/","logo":{"@type":"ImageObject","inLanguage":"ca","@id":"https:\/\/www.pinord-masblanc.com\/ca\/#\/schema\/logo\/image\/","url":"https:\/\/www.pinord-masblanc.com\/wp-content\/uploads\/2021\/05\/Logo-Pinord-Mas-Blanc-B.png","contentUrl":"https:\/\/www.pinord-masblanc.com\/wp-content\/uploads\/2021\/05\/Logo-Pinord-Mas-Blanc-B.png","width":400,"height":353,"caption":"Pinord Mas Blanc"},"image":{"@id":"https:\/\/www.pinord-masblanc.com\/ca\/#\/schema\/logo\/image\/"}}]}},"_links":{"self":[{"href":"https:\/\/www.pinord-masblanc.com\/ca\/wp-json\/wp\/v2\/pages\/12540","targetHints":{"allow":["GET"]}}],"collection":[{"href":"https:\/\/www.pinord-masblanc.com\/ca\/wp-json\/wp\/v2\/pages"}],"about":[{"href":"https:\/\/www.pinord-masblanc.com\/ca\/wp-json\/wp\/v2\/types\/page"}],"author":[{"embeddable":true,"href":"https:\/\/www.pinord-masblanc.com\/ca\/wp-json\/wp\/v2\/users\/3"}],"replies":[{"embeddable":true,"href":"https:\/\/www.pinord-masblanc.com\/ca\/wp-json\/wp\/v2\/comments?post=12540"}],"version-history":[{"count":3,"href":"https:\/\/www.pinord-masblanc.com\/ca\/wp-json\/wp\/v2\/pages\/12540\/revisions"}],"predecessor-version":[{"id":12687,"href":"https:\/\/www.pinord-masblanc.com\/ca\/wp-json\/wp\/v2\/pages\/12540\/revisions\/12687"}],"wp:attachment":[{"href":"https:\/\/www.pinord-masblanc.com\/ca\/wp-json\/wp\/v2\/media?parent=12540"}],"curies":[{"name":"wp","href":"https:\/\/api.w.org\/{rel}","templated":true}]}}