{"id":12536,"date":"2021-11-23T16:11:38","date_gmt":"2021-11-23T16:11:38","guid":{"rendered":"https:\/\/www.pinord-masblanc.com\/?page_id=12536"},"modified":"2021-11-23T16:20:15","modified_gmt":"2021-11-23T16:20:15","slug":"com-treballem","status":"publish","type":"page","link":"https:\/\/www.pinord-masblanc.com\/ca\/com-treballem\/","title":{"rendered":"Com treballem"},"content":{"rendered":"<div class=\"wpb-content-wrapper\"><p>[vc_row][vc_column]<div class=\"eltdf-vertical-split-slider\"><div class=\"eltdf-vss-ms-left\"><div class=\"eltdf-vss-ms-section\"  style=\"background-image: url(https:\/\/www.pinord-masblanc.com\/wp-content\/uploads\/2021\/10\/Pinord-Priorat-21.09.29-8-scaled.jpg);text-align: left\">\n\t<\/div><div class=\"eltdf-vss-ms-section\"  style=\"background-image: url(https:\/\/www.pinord-masblanc.com\/wp-content\/uploads\/2021\/05\/Master-V-Vins_01-B-scaled.jpg);text-align: left\">\n\t<\/div><div class=\"eltdf-vss-ms-section\"  style=\"background-image: url(https:\/\/www.pinord-masblanc.com\/wp-content\/uploads\/2021\/10\/Master-Como-Trabajamos-Ciclos-scaled.jpg);text-align: left\">\n\t<\/div><div class=\"eltdf-vss-ms-section\"  style=\"background-image: url(https:\/\/www.pinord-masblanc.com\/wp-content\/uploads\/2021\/10\/Pinord-Priorat-21.09.29-100-scaled.jpg);text-align: left\">\n\t<\/div><div class=\"eltdf-vss-ms-section\"  style=\"background-image: url(https:\/\/www.pinord-masblanc.com\/wp-content\/uploads\/2021\/10\/Master-Como-Trabajamos-Demeter-scaled.jpg);text-align: left\">\n\t<\/div><\/div><div class=\"eltdf-vss-ms-right\"><div class=\"eltdf-vss-ms-section\"  style=\"text-align: left\">\n\t[vc_column_text css=&#8221;.vc_custom_1637683757382{padding-top: 50px !important;padding-left: 70px !important;}&#8221;]<\/p>\n<h3>Agricultura biodin\u00e0mica i ecol\u00f2gica<\/h3>\n<p>[\/vc_column_text][vc_column_text css=&#8221;.vc_custom_1637683773516{padding-right: 70px !important;padding-left: 70px !important;}&#8221;]La nostra manera de treballar va m\u00e9s enll\u00e0 del cultiu ecol\u00f2gic. No nom\u00e9s no fem servir cap producte qu\u00edmic als nostres camps, sin\u00f3 que, a m\u00e9s, seguim els principis de l&#8217;agricultura biodin\u00e0mica. Prestem atenci\u00f3 a qualsevol petit canvi que es produeixi a les nostres terres i aprofitem els cicles naturals d&#8217;abund\u00e0ncia i rec\u00e9s.<br \/>\nDes del principi, un dels objectius de Pinord va ser deixar unes terres millors que les que vam rebre, i per aix\u00f2 vam ser pioners practicant aquesta mena d&#8217;agricultura. Per aquest motiu vam ser el primer celler d&#8217;Espanya certificat com a biodin\u00e0mic per Demeter.[\/vc_column_text]<\/div><div class=\"eltdf-vss-ms-section\"  style=\"padding: 150 px 150 px 150 px 150 px;text-align: left\">\n\t[vc_column_text css=&#8221;.vc_custom_1637683788200{padding-top: 50px !important;padding-right: 70px !important;padding-left: 70px !important;}&#8221;]<\/p>\n<h3>Terra ancestral<\/h3>\n<p>[\/vc_column_text][vc_column_text css=&#8221;.vc_custom_1637683796893{padding-right: 70px !important;padding-left: 70px !important;}&#8221;]L&#8217;agricultura biodin\u00e0mica \u00e9s un coneixement ancestral que t\u00e9 en compte les connexions que hi ha entre tots els elements de la Terra per aprofitar els cicles naturals a les tasques del camp.[\/vc_column_text]<\/div><div class=\"eltdf-vss-ms-section\"  style=\"padding: 150 px 150 px 150 px 150 px;text-align: left\">\n\t[vc_column_text css=&#8221;.vc_custom_1637683813911{padding-top: 50px !important;padding-right: 70px !important;padding-left: 70px !important;}&#8221;]<\/p>\n<h3>Cicles naturals<\/h3>\n<p>[\/vc_column_text][vc_column_text css=&#8221;.vc_custom_1637683827270{padding-right: 70px !important;padding-left: 70px !important;}&#8221;]Els animals, les plantes, les pedres i els cicles lunars segueixen unes din\u00e0miques naturals que els impulsen, de vegades cap a l&#8217;abund\u00e0ncia, d&#8217;altres vegades cap al rec\u00e9s. I els nostres cultius formen part d&#8217;aquesta cadena.[\/vc_column_text][vc_empty_space height=&#8221;60px&#8221;][vc_separator css=&#8221;.vc_custom_1622473973435{padding-right: 70px !important;padding-left: 70px !important;}&#8221;][vc_empty_space][vc_column_text css=&#8221;.vc_custom_1637683841895{padding-right: 70px !important;padding-bottom: 70px !important;padding-left: 70px !important;}&#8221;]<\/p>\n<h6 style=\"color: #cfcfcf;\">Protecci\u00f3 i conservaci\u00f3 dels ratpenats: Pinord i la Fundaci\u00f3 World Nature ajuden a protegir i conservar els ratpenats. Aquests magn\u00edfics mam\u00edfers insect\u00edvors, grans aliats en la lluita org\u00e0nica contra plagues, ajuden les nostres vinyes ecol\u00f2giques i biodin\u00e0miques.<\/h6>\n<p>[\/vc_column_text]<\/div><div class=\"eltdf-vss-ms-section\"  style=\"padding: 150 px 150 px 150 px 150 px;text-align: left\">\n\t[vc_column_text css=&#8221;.vc_custom_1637683852140{padding-top: 50px !important;padding-right: 70px !important;padding-left: 70px !important;}&#8221;]<\/p>\n<h3>Vins<\/h3>\n<p>[\/vc_column_text][vc_column_text css=&#8221;.vc_custom_1637683862041{padding-right: 70px !important;padding-left: 70px !important;}&#8221;]El resultat de seguir aquest cicle natural s\u00f3n uns vins amb tota la personalitat i autenticitat de l&#8217;expressi\u00f3 de cada <em>terroir<\/em>, que ha donat el seu fruit en harmonia amb l&#8217;entorn.[\/vc_column_text]<\/div><div class=\"eltdf-vss-ms-section\"  style=\"padding: 150 px 150 px 150 px 150 px;text-align: left\">\n\t[vc_single_image image=&#8221;12374&#8243; img_size=&#8221;100&#215;48&#8243; css=&#8221;.vc_custom_1622476107371{padding-top: 70px !important;padding-left: 70px !important;}&#8221;][vc_column_text css=&#8221;.vc_custom_1637683879834{padding-top: 50px !important;padding-right: 70px !important;padding-left: 70px !important;}&#8221;]<\/p>\n<h3>Certificat Demeter<\/h3>\n<p>[\/vc_column_text][vc_column_text css=&#8221;.vc_custom_1637683884588{padding-right: 70px !important;padding-left: 70px !important;}&#8221;]El 2007, vam ser el primer celler d&#8217;Espanya a rebre el Certificat Demeter d&#8217;Agricultura Biodin\u00e0mica.[\/vc_column_text]<\/div><\/div><\/div>[\/vc_column][\/vc_row]<\/p>\n<\/div>","protected":false},"excerpt":{"rendered":"<p>[vc_row][vc_column][\/vc_column][\/vc_row]<\/p>\n","protected":false},"author":3,"featured_media":0,"parent":0,"menu_order":0,"comment_status":"closed","ping_status":"closed","template":"full-width.php","meta":{"footnotes":""},"class_list":["post-12536","page","type-page","status-publish","hentry"],"yoast_head":"<!-- This site is optimized with the Yoast SEO plugin v27.3 - https:\/\/yoast.com\/product\/yoast-seo-wordpress\/ -->\n<title>Com treballem - Pinord Mas Blanc<\/title>\n<meta name=\"robots\" content=\"index, follow, max-snippet:-1, max-image-preview:large, max-video-preview:-1\" \/>\n<link rel=\"canonical\" href=\"https:\/\/www.pinord-masblanc.com\/ca\/com-treballem\/\" \/>\n<meta property=\"og:locale\" content=\"ca_ES\" \/>\n<meta property=\"og:type\" content=\"article\" \/>\n<meta property=\"og:title\" content=\"Com treballem - Pinord Mas Blanc\" \/>\n<meta property=\"og:description\" content=\"[vc_row][vc_column][\/vc_column][\/vc_row]\" \/>\n<meta property=\"og:url\" content=\"https:\/\/www.pinord-masblanc.com\/ca\/com-treballem\/\" \/>\n<meta property=\"og:site_name\" content=\"Pinord Mas Blanc\" \/>\n<meta property=\"article:modified_time\" content=\"2021-11-23T16:20:15+00:00\" \/>\n<meta name=\"twitter:card\" content=\"summary_large_image\" \/>\n<meta name=\"twitter:label1\" content=\"Temps estimat de lectura\" \/>\n\t<meta name=\"twitter:data1\" content=\"2 minuts\" \/>\n<script type=\"application\/ld+json\" class=\"yoast-schema-graph\">{\"@context\":\"https:\\\/\\\/schema.org\",\"@graph\":[{\"@type\":\"WebPage\",\"@id\":\"https:\\\/\\\/www.pinord-masblanc.com\\\/ca\\\/com-treballem\\\/\",\"url\":\"https:\\\/\\\/www.pinord-masblanc.com\\\/ca\\\/com-treballem\\\/\",\"name\":\"Com treballem - Pinord Mas Blanc\",\"isPartOf\":{\"@id\":\"https:\\\/\\\/www.pinord-masblanc.com\\\/ca\\\/#website\"},\"datePublished\":\"2021-11-23T16:11:38+00:00\",\"dateModified\":\"2021-11-23T16:20:15+00:00\",\"breadcrumb\":{\"@id\":\"https:\\\/\\\/www.pinord-masblanc.com\\\/ca\\\/com-treballem\\\/#breadcrumb\"},\"inLanguage\":\"ca\",\"potentialAction\":[{\"@type\":\"ReadAction\",\"target\":[\"https:\\\/\\\/www.pinord-masblanc.com\\\/ca\\\/com-treballem\\\/\"]}]},{\"@type\":\"BreadcrumbList\",\"@id\":\"https:\\\/\\\/www.pinord-masblanc.com\\\/ca\\\/com-treballem\\\/#breadcrumb\",\"itemListElement\":[{\"@type\":\"ListItem\",\"position\":1,\"name\":\"Portada\",\"item\":\"https:\\\/\\\/www.pinord-masblanc.com\\\/ca\\\/\"},{\"@type\":\"ListItem\",\"position\":2,\"name\":\"Com treballem\"}]},{\"@type\":\"WebSite\",\"@id\":\"https:\\\/\\\/www.pinord-masblanc.com\\\/ca\\\/#website\",\"url\":\"https:\\\/\\\/www.pinord-masblanc.com\\\/ca\\\/\",\"name\":\"Pinord Mas Blanc\",\"description\":\"Vinos D.O.Q Priorat\",\"publisher\":{\"@id\":\"https:\\\/\\\/www.pinord-masblanc.com\\\/ca\\\/#organization\"},\"potentialAction\":[{\"@type\":\"SearchAction\",\"target\":{\"@type\":\"EntryPoint\",\"urlTemplate\":\"https:\\\/\\\/www.pinord-masblanc.com\\\/ca\\\/?s={search_term_string}\"},\"query-input\":{\"@type\":\"PropertyValueSpecification\",\"valueRequired\":true,\"valueName\":\"search_term_string\"}}],\"inLanguage\":\"ca\"},{\"@type\":\"Organization\",\"@id\":\"https:\\\/\\\/www.pinord-masblanc.com\\\/ca\\\/#organization\",\"name\":\"Pinord Mas Blanc\",\"url\":\"https:\\\/\\\/www.pinord-masblanc.com\\\/ca\\\/\",\"logo\":{\"@type\":\"ImageObject\",\"inLanguage\":\"ca\",\"@id\":\"https:\\\/\\\/www.pinord-masblanc.com\\\/ca\\\/#\\\/schema\\\/logo\\\/image\\\/\",\"url\":\"https:\\\/\\\/www.pinord-masblanc.com\\\/wp-content\\\/uploads\\\/2021\\\/05\\\/Logo-Pinord-Mas-Blanc-B.png\",\"contentUrl\":\"https:\\\/\\\/www.pinord-masblanc.com\\\/wp-content\\\/uploads\\\/2021\\\/05\\\/Logo-Pinord-Mas-Blanc-B.png\",\"width\":400,\"height\":353,\"caption\":\"Pinord Mas Blanc\"},\"image\":{\"@id\":\"https:\\\/\\\/www.pinord-masblanc.com\\\/ca\\\/#\\\/schema\\\/logo\\\/image\\\/\"}}]}<\/script>\n<!-- \/ Yoast SEO plugin. -->","yoast_head_json":{"title":"Com treballem - Pinord Mas Blanc","robots":{"index":"index","follow":"follow","max-snippet":"max-snippet:-1","max-image-preview":"max-image-preview:large","max-video-preview":"max-video-preview:-1"},"canonical":"https:\/\/www.pinord-masblanc.com\/ca\/com-treballem\/","og_locale":"ca_ES","og_type":"article","og_title":"Com treballem - Pinord Mas Blanc","og_description":"[vc_row][vc_column][\/vc_column][\/vc_row]","og_url":"https:\/\/www.pinord-masblanc.com\/ca\/com-treballem\/","og_site_name":"Pinord Mas Blanc","article_modified_time":"2021-11-23T16:20:15+00:00","twitter_card":"summary_large_image","twitter_misc":{"Temps estimat de lectura":"2 minuts"},"schema":{"@context":"https:\/\/schema.org","@graph":[{"@type":"WebPage","@id":"https:\/\/www.pinord-masblanc.com\/ca\/com-treballem\/","url":"https:\/\/www.pinord-masblanc.com\/ca\/com-treballem\/","name":"Com treballem - Pinord Mas Blanc","isPartOf":{"@id":"https:\/\/www.pinord-masblanc.com\/ca\/#website"},"datePublished":"2021-11-23T16:11:38+00:00","dateModified":"2021-11-23T16:20:15+00:00","breadcrumb":{"@id":"https:\/\/www.pinord-masblanc.com\/ca\/com-treballem\/#breadcrumb"},"inLanguage":"ca","potentialAction":[{"@type":"ReadAction","target":["https:\/\/www.pinord-masblanc.com\/ca\/com-treballem\/"]}]},{"@type":"BreadcrumbList","@id":"https:\/\/www.pinord-masblanc.com\/ca\/com-treballem\/#breadcrumb","itemListElement":[{"@type":"ListItem","position":1,"name":"Portada","item":"https:\/\/www.pinord-masblanc.com\/ca\/"},{"@type":"ListItem","position":2,"name":"Com treballem"}]},{"@type":"WebSite","@id":"https:\/\/www.pinord-masblanc.com\/ca\/#website","url":"https:\/\/www.pinord-masblanc.com\/ca\/","name":"Pinord Mas Blanc","description":"Vinos D.O.Q Priorat","publisher":{"@id":"https:\/\/www.pinord-masblanc.com\/ca\/#organization"},"potentialAction":[{"@type":"SearchAction","target":{"@type":"EntryPoint","urlTemplate":"https:\/\/www.pinord-masblanc.com\/ca\/?s={search_term_string}"},"query-input":{"@type":"PropertyValueSpecification","valueRequired":true,"valueName":"search_term_string"}}],"inLanguage":"ca"},{"@type":"Organization","@id":"https:\/\/www.pinord-masblanc.com\/ca\/#organization","name":"Pinord Mas Blanc","url":"https:\/\/www.pinord-masblanc.com\/ca\/","logo":{"@type":"ImageObject","inLanguage":"ca","@id":"https:\/\/www.pinord-masblanc.com\/ca\/#\/schema\/logo\/image\/","url":"https:\/\/www.pinord-masblanc.com\/wp-content\/uploads\/2021\/05\/Logo-Pinord-Mas-Blanc-B.png","contentUrl":"https:\/\/www.pinord-masblanc.com\/wp-content\/uploads\/2021\/05\/Logo-Pinord-Mas-Blanc-B.png","width":400,"height":353,"caption":"Pinord Mas Blanc"},"image":{"@id":"https:\/\/www.pinord-masblanc.com\/ca\/#\/schema\/logo\/image\/"}}]}},"_links":{"self":[{"href":"https:\/\/www.pinord-masblanc.com\/ca\/wp-json\/wp\/v2\/pages\/12536","targetHints":{"allow":["GET"]}}],"collection":[{"href":"https:\/\/www.pinord-masblanc.com\/ca\/wp-json\/wp\/v2\/pages"}],"about":[{"href":"https:\/\/www.pinord-masblanc.com\/ca\/wp-json\/wp\/v2\/types\/page"}],"author":[{"embeddable":true,"href":"https:\/\/www.pinord-masblanc.com\/ca\/wp-json\/wp\/v2\/users\/3"}],"replies":[{"embeddable":true,"href":"https:\/\/www.pinord-masblanc.com\/ca\/wp-json\/wp\/v2\/comments?post=12536"}],"version-history":[{"count":3,"href":"https:\/\/www.pinord-masblanc.com\/ca\/wp-json\/wp\/v2\/pages\/12536\/revisions"}],"predecessor-version":[{"id":12539,"href":"https:\/\/www.pinord-masblanc.com\/ca\/wp-json\/wp\/v2\/pages\/12536\/revisions\/12539"}],"wp:attachment":[{"href":"https:\/\/www.pinord-masblanc.com\/ca\/wp-json\/wp\/v2\/media?parent=12536"}],"curies":[{"name":"wp","href":"https:\/\/api.w.org\/{rel}","templated":true}]}}